{"id":24,"date":"2020-08-27T12:53:20","date_gmt":"2020-08-27T10:53:20","guid":{"rendered":"http:\/\/accueil.marie-collard.be\/?page_id=24"},"modified":"2020-08-27T12:54:01","modified_gmt":"2020-08-27T10:54:01","slug":"conditions-dutilisation","status":"publish","type":"page","link":"https:\/\/www.marie-collard.be\/index.php\/conditions-dutilisation\/","title":{"rendered":"Conditions d&rsquo;utilisation"},"content":{"rendered":"\n<h2 class=\"wp-block-heading\">Conditions&nbsp;d&rsquo;utilisation&nbsp;du&nbsp;site&nbsp;web<\/h2>\n\n\n\n<h4 class=\"wp-block-heading\">Article&nbsp;1.&nbsp;&#8211;&nbsp;Dispositions&nbsp;g\u00e9n\u00e9rales&nbsp;\u2013&nbsp;coordonn\u00e9es&nbsp;du&nbsp;propri\u00e9taire&nbsp;des&nbsp;sites<\/h4>\n\n\n\n<p>Les pr\u00e9sentes conditions (ci-apr\u00e8s \u00ab\u00a0Conditions \u00ab\u00a0) s&rsquo;appliquent \u00e0 l&rsquo;utilisation de tous les sites web (\u00e9galement les sites mobiles), en ce compris les \u00e9l\u00e9ments et les applications, cr\u00e9\u00e9s ou d\u00e9tenus par l\u2019entit\u00e9 dont les coordonn\u00e9es compl\u00e8tes sont : Marie Collard, Rue de Tourinnes 7, 1360 Obrais, Belgique. (ci-apr\u00e8s \u00ab&nbsp;Marie Collard&nbsp;\u00bb) (ci-apr\u00e8s les \u00ab\u00a0Sites\u00a0\u00bb).<\/p>\n\n\n\n<p>Le terme utilisateur d\u00e9signe toute personne qui acc\u00e8de aux Sites (ci-apr\u00e8s \u00ab\u00a0Utilisateur\u00a0\u00bb).<\/p>\n\n\n\n<p>En utilisant les Sites, l&rsquo;Utilisateur accepte int\u00e9gralement et de mani\u00e8re inconditionnelle les Conditions qui y sont applicables et s&rsquo;engage \u00e0 les respecter.<\/p>\n\n\n\n<p>S&rsquo;il refuse les Conditions, il est tenu de s&rsquo;abstenir de toute utilisation des Sites et\/ou Services.<\/p>\n\n\n\n<p>En cas de non-respect des Conditions, Marie Collard&nbsp;se r\u00e9serve le droit de refuser l&rsquo;acc\u00e8s aux Sites, sans pr\u00e9judice de son droit d&rsquo;exiger un d\u00e9dommagement de la part de tout tiers pour tous les dommages directs et indirects susceptibles de r\u00e9sulter de ce non-respect.<\/p>\n\n\n\n<p>Marie Collard.&nbsp;se r\u00e9serve le droit d&rsquo;adapter partiellement ou totalement les Conditions d\u2019utilisation \u00e0 tout moment, sans avertissement pr\u00e9alable.<\/p>\n\n\n\n<p>Il est d\u00e8s lors conseill\u00e9 de consulter r\u00e9guli\u00e8rement les Conditions d\u2019utilisation afin de toujours \u00eatre inform\u00e9 de la version la plus r\u00e9cente.<\/p>\n\n\n\n<h4 class=\"wp-block-heading\">Article&nbsp;2.&nbsp;&#8211;&nbsp;Utilisation&nbsp;des&nbsp;Sites<\/h4>\n\n\n\n<p>L&rsquo;utilisation des Sites est en principe libre et gratuite. Pour utiliser certains Sites, l&rsquo;Utilisateur doit s&rsquo;enregistrer, communiquer certaines donn\u00e9es et\/ou cr\u00e9er un code d&rsquo;acc\u00e8s et\/ou un mot de passe.<\/p>\n\n\n\n<p>En cas de refus de l&rsquo;Utilisateur, l&rsquo;utilisation des parties concern\u00e9es des Sites ne sera pas possible.<\/p>\n\n\n\n<p>En cas d&rsquo;utilisation payante de certains Sites, l&rsquo;Utilisateur en sera inform\u00e9 au pr\u00e9alable, ainsi que des conditions applicables, des prix et du mode de paiement.<\/p>\n\n\n\n<p>Marie Collard fournit \u00e0 l&rsquo;Utilisateur des Sites une licence non exclusive et incessible, pour une dur\u00e9e ind\u00e9termin\u00e9e, lui permettant de t\u00e9l\u00e9charger le contenu des Sites dans l&rsquo;unique but de l&rsquo;afficher sur un seul ordinateur.<\/p>\n\n\n\n<p>Cette licence est toutefois r\u00e9vocable \u00e0 tout moment, sans justification.<\/p>\n\n\n\n<p>L&rsquo;Utilisateur peut \u00e9galement imprimer une copie du contenu des Sites, pour son usage personnel et sans que la moindre modification ne soit apport\u00e9e au contenu.<\/p>\n\n\n\n<p>Les Sites peuvent uniquement \u00eatre utilis\u00e9s \u00e0 des fins personnelles et priv\u00e9es pour les particuliers et \u00e0 des fins exclusivement internes pour les professionnels.<\/p>\n\n\n\n<p>Par cons\u00e9quent, toute utilisation des Sites \u00e0 des fins commerciales est strictement interdite.<\/p>\n\n\n\n<p>Les Utilisateurs s&rsquo;engagent \u00e0 ne poser aucun acte susceptible de d\u00e9truire les Sites ou d&rsquo;en perturber le bon fonctionnement.<\/p>\n\n\n\n<p>En cas d&rsquo;abus ou d&rsquo;utilisation impropre, Marie Collard&nbsp;se r\u00e9serve le droit de suspendre et\/ou supprimer l&rsquo;acc\u00e8s de l&rsquo;Utilisateur aux Sites sans mise en demeure ni avertissement.<\/p>\n\n\n\n<h4 class=\"wp-block-heading\">Article&nbsp;3.&nbsp;&#8211;&nbsp;Droit&nbsp;d&rsquo;auteur&nbsp;et&nbsp;droit&nbsp;du&nbsp;producteur&nbsp;d&rsquo;une&nbsp;base&nbsp;de&nbsp;donn\u00e9es<\/h4>\n\n\n\n<p>Tous les droits d&rsquo;auteur, marques, brevets, droits de propri\u00e9t\u00e9 intellectuelle et autres droits de propri\u00e9t\u00e9 applicables aux Sites appartiennent \u00e0 tout moment \u00e0 Marie Collard<\/p>\n\n\n\n<p>Les Sites et\/ou Services constituent aussi bien une \u0153uvre prot\u00e9g\u00e9e par le droit d&rsquo;auteur que des bases de donn\u00e9es sur lesquelles Marie Collard d\u00e9tient les droits d&rsquo;auteur et les droits du producteur.<\/p>\n\n\n\n<p>Les textes, lay-out, dessins, photos, films, graphiques et autres \u00e9l\u00e9ments des Sites sont prot\u00e9g\u00e9s par le droit d&rsquo;auteur.<\/p>\n\n\n\n<p>La copie, l&rsquo;adaptation, la modification, la traduction, l&rsquo;arrangement, la communication publique, la location ou toute autre forme d&rsquo;exploitation de tout ou partie des Sites, sous quelque forme que ce soit et par quelque moyen que ce soit, notamment \u00e9lectronique, m\u00e9canique ou autre, est strictement interdite sans l&rsquo;autorisation \u00e9crite pr\u00e9alable de Marie Collard.<\/p>\n\n\n\n<p>Toute infraction \u00e0 ces droits est passible de poursuites civiles ou p\u00e9nales.<\/p>\n\n\n\n<h4 class=\"wp-block-heading\">Article&nbsp;4.&nbsp;&#8211;&nbsp;Marques&nbsp;et&nbsp;d\u00e9nominations&nbsp;commerciales<\/h4>\n\n\n\n<p>Les d\u00e9nominations, logos et autres signes utilis\u00e9s sur ces Sites (notamment les logos, slogans et les d\u00e9nominations de Marie Collard) sont des marques et\/ou des d\u00e9nominations commerciales l\u00e9galement prot\u00e9g\u00e9es.<\/p>\n\n\n\n<p>Tout usage de ceux-ci ou de signes semblables est strictement interdit sans l&rsquo;autorisation \u00e9crite pr\u00e9alable de Marie Collard.<\/p>\n\n\n\n<h4 class=\"wp-block-heading\">Article&nbsp;5.&nbsp;&#8211;&nbsp;Responsabilit\u00e9<\/h4>\n\n\n\n<p>Marie Collard mettra tout en \u0153uvre pour assurer le bon fonctionnement des Sites.<\/p>\n\n\n\n<p>Sauf manquement intentionnel et\/ou dispositions l\u00e9gales obligatoires contraires, Marie Collard&nbsp;d\u00e9cline toute responsabilit\u00e9 pour toute perte ou tout dommage (direct, indirecte, mat\u00e9riel, immat\u00e9riel, etc.) r\u00e9sultant :<\/p>\n\n\n\n<p>(1) du contenu des Sites. Marie Collard&nbsp;ne garantit pas l&rsquo;exactitude, la suffisance ou l&rsquo;exhaustivit\u00e9 des informations figurant sur les Sites. Les informations disponibles sur les Sites, notamment celles relatives aux produits et services propos\u00e9s \u00e0 la vente, sont susceptibles d&rsquo;\u00eatre modifi\u00e9es sans avis pr\u00e9alable. Marie Collard&nbsp;apporte le plus grand soin \u00e0 la cr\u00e9ation, \u00e0 la mise \u00e0 jour et \u00e0 la maintenance du site. Si l\u2019Utilisateur devait n\u00e9anmoins constater, sur le site, la pr\u00e9sence d\u2019une information inexacte ou obsol\u00e8te ou d\u2019un contenu pr\u00e9judiciable ou illicite, ou s\u2019il devait estimer qu\u2019un de ses droits (intellectuels ou autres) a \u00e9t\u00e9 viol\u00e9, il est instamment pri\u00e9 de le signaler ;<\/p>\n\n\n\n<p>(2) de l&rsquo;utilisation qui est faite des Sites ;<\/p>\n\n\n\n<p>(3) de la s\u00e9curit\u00e9 des Sites. Cette disposition s&rsquo;applique notamment aux \u00e9ventuels virus, erreurs ou fraudes informatiques ;<\/p>\n\n\n\n<p>(4) de l&rsquo;accessibilit\u00e9\/disponibilit\u00e9 des Sites. Marie Collard&nbsp;ne garantit pas la disponibilit\u00e9 permanente, via tous les moyens techniques, sans erreur ni interruption, de toutes les fonctions des Sites ni la r\u00e9paration imm\u00e9diate des erreurs ou le r\u00e9tablissement imm\u00e9diat des interruptions.<\/p>\n\n\n\n<p>Marie Collard&nbsp;a par ailleurs le droit de refuser l&rsquo;acc\u00e8s aux Sites et Services suppl\u00e9mentaires ou d&rsquo;y mettre fin \u00e0 tout moment et sans avertissement pr\u00e9alable.<\/p>\n\n\n\n<p>Marie Collard&nbsp;ne peut en aucun cas \u00eatre tenue responsable de services et\/ou produits, ni de leur facturation, si ceux-ci sont propos\u00e9s par des tiers et accessibles via les Sites, pas m\u00eame si Marie Collard&nbsp;recevait une r\u00e9tribution \u00e0 cet effet, ni si elle assurait la facturation de ces services et\/ou produits pour le compte de tiers.<\/p>\n\n\n\n<p>Dans les cas o\u00f9 la responsabilit\u00e9 de Marie Collard est engag\u00e9e, sa responsabilit\u00e9 est limit\u00e9e \u00e0 la somme de 100,00\u20ac. Les limitations et\/ou exclusions de responsabilit\u00e9 susmentionn\u00e9es dans le chef de Marie Collard&nbsp;s&rsquo;appliquent pour autant qu&rsquo;elles soient valables en vertu du droit applicable.<\/p>\n\n\n\n<h4 class=\"wp-block-heading\">Article&nbsp;6.&nbsp;&#8211;&nbsp;Respect&nbsp;de&nbsp;la&nbsp;vie&nbsp;priv\u00e9e&nbsp;\u2013&nbsp;traitement&nbsp;des&nbsp;donn\u00e9es&nbsp;personnelles<\/h4>\n\n\n\n<p><strong>Marie Collard<\/strong>&nbsp;<strong>et l\u2019Utilisateur s\u2019engagent \u00e0 respecter la r\u00e9glementation en vigueur applicable au traitement des donn\u00e9es \u00e0 caract\u00e8re personnel et, en particulier, le r\u00e8glement (UE) 2016\/679 du Parlement europ\u00e9en et du Conseil du 27\/04\/2016 (RGPD).<\/strong><\/p>\n\n\n\n<p>Marie Collard&nbsp;collecte et traite les donn\u00e9es d&rsquo;identit\u00e9 et les coordonn\u00e9es qu&rsquo; re\u00e7oit de l\u2019Utilisateur et toute autre personne de contact utile. Pour obtenir des informations d\u00e9taill\u00e9es sur cette collecte et traitement des donn\u00e9es personnelles, merci de consulter notre&nbsp;<strong><a href=\"http:\/\/www.marie-collard.be\/index.php\/politique-de-confidentialite\/\" data-type=\"URL\" data-id=\"http:\/\/www.marie-collard.be\/index.php\/politique-de-confidentialite\/\">charte vie priv\u00e9e<\/a>.<\/strong><\/p>\n\n\n\n<h4 class=\"wp-block-heading\">Article&nbsp;7.&nbsp;&#8211;&nbsp;Hyperliens<\/h4>\n\n\n\n<p>Le Site peut inclure des liens vers d&rsquo;autres sites internet. Dans la mesure o\u00f9 Marie Collard ne peut contr\u00f4ler ces sites, elle ne peut \u00eatre tenue pour responsable de la mise \u00e0 disposition de ces sites. Elle ne peut supporter aucune responsabilit\u00e9 quant au contenu, publicit\u00e9s, produits, services ou tout autre mat\u00e9riel disponible sur ou \u00e0 partir de ces sites. De plus, Marie Collard&nbsp;ne pourra \u00eatre tenue responsable de tous dommages ou pertes av\u00e9r\u00e9s ou all\u00e9gu\u00e9s cons\u00e9cutifs ou en relation avec l&rsquo;utilisation ou avec le fait d&rsquo;avoir fait confiance au contenu, \u00e0 des biens ou des services disponibles sur ces sites.<\/p>\n\n\n\n<h4 class=\"wp-block-heading\">Article&nbsp;8.&nbsp;&#8211;&nbsp;Cookies<\/h4>\n\n\n\n<p>Un cookie est un petit fichier texte sauv\u00e9 par le serveur d&rsquo;un site web dans le navigateur de votre ordinateur ou de votre appareil mobile lorsque vous consultez ce site web. Le cookie contient un code unique permettant de reconna\u00eetre votre navigateur lors de votre visite sur le site web (\u00ab\u00a0cookie de session\u00a0\u00bb) ou lors de futures visites r\u00e9p\u00e9t\u00e9es (\u00ab\u00a0cookie permanent\u00a0\u00bb). Les cookies peuvent \u00eatre plac\u00e9s par le serveur du site web que vous visitez ou par des partenaires avec lesquels ce site web collabore. Le serveur d&rsquo;un site web peut uniquement lire les cookies qu&rsquo;il a lui-m\u00eame plac\u00e9s ; il n&rsquo;a acc\u00e8s \u00e0 aucune autre information se trouvant sur votre ordinateur ou sur votre appareil mobile. Les cookies sont stock\u00e9s sur votre ordinateur ou appareil mobile dans le r\u00e9pertoire de votre navigateur. Le contenu d&rsquo;un cookie se compose en g\u00e9n\u00e9ral du nom du serveur qui a plac\u00e9 le cookie, d&rsquo;une date d&rsquo;expiration et d&rsquo;un code chiffr\u00e9 unique. Les cookies assurent une interaction g\u00e9n\u00e9ralement plus ais\u00e9e et plus rapide entre le visiteur et le site web. De plus, ils aident le visiteur \u00e0 naviguer entre les diff\u00e9rentes parties du site web. Les cookies peuvent \u00e9galement \u00eatre utilis\u00e9s pour rendre le contenu d&rsquo;un site web ou la publicit\u00e9 pr\u00e9sente sur ce site plus pertinent pour le visiteur et adapter le site web aux go\u00fbts personnels et aux besoins du visiteur.<\/p>\n\n\n\n<p>Des cookies fonctionnels sont requis pour permettre la visite des Sites et l&rsquo;utilisation de certaines parties de ceux-ci. Ces cookies vous permettent par exemple de naviguer entre les diff\u00e9rentes rubriques des sites web, de compl\u00e9ter des formulaires, de passer des commandes, de consulter un site web multilingue et d&rsquo;actualiser le contenu de votre panier. De m\u00eame, lorsque vous souhaitez acc\u00e9der \u00e0 votre compte personnel, par exemple dans votre espace d\u2019administration ou encore un autre applicatif mis \u00e0 votre disposition (Ex. Extranet, webmail,\u2026), des cookies sont indispensables pour v\u00e9rifier de mani\u00e8re s\u00fbre votre identit\u00e9 avant d&rsquo;accorder l&rsquo;acc\u00e8s \u00e0 vos informations personnelles.<\/p>\n\n\n\n<p>Si vous refusez ces cookies, certaines rubriques du site web ne fonctionneront pas comme il se doit, voire pas du tout.<\/p>\n\n\n\n<p>Les Sites implantent un cookie dans votre ordinateur \u00e0 des fins d&rsquo;analyse statistique et de mesure d&rsquo;audience du site et \u00e0 des fins de simplification d&rsquo;acc\u00e8s au site. Ce cookie enregistre des informations relatives \u00e0 la navigation des visiteurs sur le site. Il stocke des informations que vous avez saisies durant votre visite, \u00e0 savoir certains renseignements visiteurs concernant le visiteur, tels le nom de domaine et de l&rsquo;ordinateur h\u00f4te \u00e0 partir desquels le visiteur navigue sur Internet, l&rsquo;adresse du protocole Internet (IP) de l&rsquo;ordinateur utilis\u00e9, la date et l&rsquo;heure de la navigation du visiteur sur les Sites et les URL \u00e0 partir desquelles le visiteur est pass\u00e9 au site.<\/p>\n\n\n\n<h4 class=\"wp-block-heading\">Article&nbsp;9.&nbsp;&#8211;&nbsp;Juridiction&nbsp;et&nbsp;droit&nbsp;applicable<\/h4>\n\n\n\n<p>La l\u00e9gislation belge s&rsquo;applique aux Sites et les tribunaux de l\u2019arrondissement judiciaire du si\u00e8ge social de Marie Collard sont seuls comp\u00e9tents en cas de litiges r\u00e9sultant de l&rsquo;utilisation des Sites.<\/p>\n","protected":false},"excerpt":{"rendered":"<p>Conditions&nbsp;d&rsquo;utilisation&nbsp;du&nbsp;site&nbsp;web Article&nbsp;1.&nbsp;&#8211;&nbsp;Dispositions&nbsp;g\u00e9n\u00e9rales&nbsp;\u2013&nbsp;coordonn\u00e9es&nbsp;du&nbsp;propri\u00e9taire&nbsp;des&nbsp;sites Les pr\u00e9sentes conditions (ci-apr\u00e8s \u00ab\u00a0Conditions \u00ab\u00a0) s&rsquo;appliquent \u00e0 l&rsquo;utilisation de tous les sites web (\u00e9galement les sites mobiles), en ce compris les \u00e9l\u00e9ments et les applications, cr\u00e9\u00e9s ou d\u00e9tenus par l\u2019entit\u00e9 dont les coordonn\u00e9es compl\u00e8tes sont : Marie Collard, Rue de Tourinnes 7, 1360 Obrais, Belgique. (ci-apr\u00e8s \u00ab&nbsp;Marie Collard&nbsp;\u00bb) (ci-apr\u00e8s les \u00ab\u00a0Sites\u00a0\u00bb). Le &hellip; <\/p>\n<p class=\"link-more\"><a href=\"https:\/\/www.marie-collard.be\/index.php\/conditions-dutilisation\/\" class=\"more-link\">Continuer la lecture<span class=\"screen-reader-text\"> de &laquo;&nbsp;Conditions d&rsquo;utilisation&nbsp;&raquo;<\/span><\/a><\/p>\n","protected":false},"author":1,"featured_media":0,"parent":0,"menu_order":0,"comment_status":"closed","ping_status":"closed","template":"","meta":{"_monsterinsights_skip_tracking":false,"_monsterinsights_sitenote_active":false,"_monsterinsights_sitenote_note":"","_monsterinsights_sitenote_category":0,"footnotes":""},"class_list":["post-24","page","type-page","status-publish","hentry"],"yoast_head":"<!-- This site is optimized with the Yoast SEO plugin v26.6 - https:\/\/yoast.com\/wordpress\/plugins\/seo\/ -->\n<title>Conditions d&#039;utilisation - Marie Collard Pleine Conscience, Pshychologue, Life-Coach<\/title>\n<meta name=\"description\" content=\"Marie Collard Psychologue, Life Coach et formatrice \u00e0 Perwez (Orbais) et Eghez\u00e9e. Formatrice Pleine Conscience.\" \/>\n<meta name=\"robots\" content=\"index, follow, max-snippet:-1, max-image-preview:large, max-video-preview:-1\" \/>\n<link rel=\"canonical\" href=\"https:\/\/www.marie-collard.be\/index.php\/conditions-dutilisation\/\" \/>\n<meta property=\"og:locale\" content=\"fr_FR\" \/>\n<meta property=\"og:type\" content=\"article\" \/>\n<meta property=\"og:title\" content=\"Conditions d&#039;utilisation - Marie Collard Pleine Conscience, Pshychologue, Life-Coach\" \/>\n<meta property=\"og:description\" content=\"Marie Collard Psychologue, Life Coach et formatrice \u00e0 Perwez (Orbais) et Eghez\u00e9e. Formatrice Pleine Conscience.\" \/>\n<meta property=\"og:url\" content=\"https:\/\/www.marie-collard.be\/index.php\/conditions-dutilisation\/\" \/>\n<meta property=\"og:site_name\" content=\"Marie Collard\" \/>\n<meta property=\"article:modified_time\" content=\"2020-08-27T10:54:01+00:00\" \/>\n<meta name=\"twitter:card\" content=\"summary_large_image\" \/>\n<meta name=\"twitter:label1\" content=\"Dur\u00e9e de lecture estim\u00e9e\" \/>\n\t<meta name=\"twitter:data1\" content=\"9 minutes\" \/>\n<script type=\"application\/ld+json\" class=\"yoast-schema-graph\">{\"@context\":\"https:\/\/schema.org\",\"@graph\":[{\"@type\":\"WebPage\",\"@id\":\"https:\/\/www.marie-collard.be\/index.php\/conditions-dutilisation\/\",\"url\":\"https:\/\/www.marie-collard.be\/index.php\/conditions-dutilisation\/\",\"name\":\"Conditions d'utilisation - Marie Collard Pleine Conscience, Pshychologue, Life-Coach\",\"isPartOf\":{\"@id\":\"https:\/\/www.marie-collard.be\/#website\"},\"datePublished\":\"2020-08-27T10:53:20+00:00\",\"dateModified\":\"2020-08-27T10:54:01+00:00\",\"description\":\"Marie Collard Psychologue, Life Coach et formatrice \u00e0 Perwez (Orbais) et Eghez\u00e9e. Formatrice Pleine Conscience.\",\"breadcrumb\":{\"@id\":\"https:\/\/www.marie-collard.be\/index.php\/conditions-dutilisation\/#breadcrumb\"},\"inLanguage\":\"fr-FR\",\"potentialAction\":[{\"@type\":\"ReadAction\",\"target\":[\"https:\/\/www.marie-collard.be\/index.php\/conditions-dutilisation\/\"]}]},{\"@type\":\"BreadcrumbList\",\"@id\":\"https:\/\/www.marie-collard.be\/index.php\/conditions-dutilisation\/#breadcrumb\",\"itemListElement\":[{\"@type\":\"ListItem\",\"position\":1,\"name\":\"Accueil\",\"item\":\"https:\/\/www.marie-collard.be\/\"},{\"@type\":\"ListItem\",\"position\":2,\"name\":\"Conditions d&rsquo;utilisation\"}]},{\"@type\":\"WebSite\",\"@id\":\"https:\/\/www.marie-collard.be\/#website\",\"url\":\"https:\/\/www.marie-collard.be\/\",\"name\":\"Marie Collard\",\"description\":\"Psychologue, life-coach, form\u00e9e \u00e0 la pleine conscience\",\"publisher\":{\"@id\":\"https:\/\/www.marie-collard.be\/#\/schema\/person\/211ee3e5d9e226363a508460082040e9\"},\"potentialAction\":[{\"@type\":\"SearchAction\",\"target\":{\"@type\":\"EntryPoint\",\"urlTemplate\":\"https:\/\/www.marie-collard.be\/?s={search_term_string}\"},\"query-input\":{\"@type\":\"PropertyValueSpecification\",\"valueRequired\":true,\"valueName\":\"search_term_string\"}}],\"inLanguage\":\"fr-FR\"},{\"@type\":[\"Person\",\"Organization\"],\"@id\":\"https:\/\/www.marie-collard.be\/#\/schema\/person\/211ee3e5d9e226363a508460082040e9\",\"name\":\"Marie Collard\",\"image\":{\"@type\":\"ImageObject\",\"inLanguage\":\"fr-FR\",\"@id\":\"https:\/\/www.marie-collard.be\/#\/schema\/person\/image\/\",\"url\":\"https:\/\/www.marie-collard.be\/wp-content\/uploads\/2020\/09\/Marie_Collard.jpg\",\"contentUrl\":\"https:\/\/www.marie-collard.be\/wp-content\/uploads\/2020\/09\/Marie_Collard.jpg\",\"width\":251,\"height\":300,\"caption\":\"Marie Collard\"},\"logo\":{\"@id\":\"https:\/\/www.marie-collard.be\/#\/schema\/person\/image\/\"}}]}<\/script>\n<!-- \/ Yoast SEO plugin. -->","yoast_head_json":{"title":"Conditions d'utilisation - Marie Collard Pleine Conscience, Pshychologue, Life-Coach","description":"Marie Collard Psychologue, Life Coach et formatrice \u00e0 Perwez (Orbais) et Eghez\u00e9e. Formatrice Pleine Conscience.","robots":{"index":"index","follow":"follow","max-snippet":"max-snippet:-1","max-image-preview":"max-image-preview:large","max-video-preview":"max-video-preview:-1"},"canonical":"https:\/\/www.marie-collard.be\/index.php\/conditions-dutilisation\/","og_locale":"fr_FR","og_type":"article","og_title":"Conditions d'utilisation - Marie Collard Pleine Conscience, Pshychologue, Life-Coach","og_description":"Marie Collard Psychologue, Life Coach et formatrice \u00e0 Perwez (Orbais) et Eghez\u00e9e. Formatrice Pleine Conscience.","og_url":"https:\/\/www.marie-collard.be\/index.php\/conditions-dutilisation\/","og_site_name":"Marie Collard","article_modified_time":"2020-08-27T10:54:01+00:00","twitter_card":"summary_large_image","twitter_misc":{"Dur\u00e9e de lecture estim\u00e9e":"9 minutes"},"schema":{"@context":"https:\/\/schema.org","@graph":[{"@type":"WebPage","@id":"https:\/\/www.marie-collard.be\/index.php\/conditions-dutilisation\/","url":"https:\/\/www.marie-collard.be\/index.php\/conditions-dutilisation\/","name":"Conditions d'utilisation - Marie Collard Pleine Conscience, Pshychologue, Life-Coach","isPartOf":{"@id":"https:\/\/www.marie-collard.be\/#website"},"datePublished":"2020-08-27T10:53:20+00:00","dateModified":"2020-08-27T10:54:01+00:00","description":"Marie Collard Psychologue, Life Coach et formatrice \u00e0 Perwez (Orbais) et Eghez\u00e9e. Formatrice Pleine Conscience.","breadcrumb":{"@id":"https:\/\/www.marie-collard.be\/index.php\/conditions-dutilisation\/#breadcrumb"},"inLanguage":"fr-FR","potentialAction":[{"@type":"ReadAction","target":["https:\/\/www.marie-collard.be\/index.php\/conditions-dutilisation\/"]}]},{"@type":"BreadcrumbList","@id":"https:\/\/www.marie-collard.be\/index.php\/conditions-dutilisation\/#breadcrumb","itemListElement":[{"@type":"ListItem","position":1,"name":"Accueil","item":"https:\/\/www.marie-collard.be\/"},{"@type":"ListItem","position":2,"name":"Conditions d&rsquo;utilisation"}]},{"@type":"WebSite","@id":"https:\/\/www.marie-collard.be\/#website","url":"https:\/\/www.marie-collard.be\/","name":"Marie Collard","description":"Psychologue, life-coach, form\u00e9e \u00e0 la pleine conscience","publisher":{"@id":"https:\/\/www.marie-collard.be\/#\/schema\/person\/211ee3e5d9e226363a508460082040e9"},"potentialAction":[{"@type":"SearchAction","target":{"@type":"EntryPoint","urlTemplate":"https:\/\/www.marie-collard.be\/?s={search_term_string}"},"query-input":{"@type":"PropertyValueSpecification","valueRequired":true,"valueName":"search_term_string"}}],"inLanguage":"fr-FR"},{"@type":["Person","Organization"],"@id":"https:\/\/www.marie-collard.be\/#\/schema\/person\/211ee3e5d9e226363a508460082040e9","name":"Marie Collard","image":{"@type":"ImageObject","inLanguage":"fr-FR","@id":"https:\/\/www.marie-collard.be\/#\/schema\/person\/image\/","url":"https:\/\/www.marie-collard.be\/wp-content\/uploads\/2020\/09\/Marie_Collard.jpg","contentUrl":"https:\/\/www.marie-collard.be\/wp-content\/uploads\/2020\/09\/Marie_Collard.jpg","width":251,"height":300,"caption":"Marie Collard"},"logo":{"@id":"https:\/\/www.marie-collard.be\/#\/schema\/person\/image\/"}}]}},"_links":{"self":[{"href":"https:\/\/www.marie-collard.be\/index.php\/wp-json\/wp\/v2\/pages\/24","targetHints":{"allow":["GET"]}}],"collection":[{"href":"https:\/\/www.marie-collard.be\/index.php\/wp-json\/wp\/v2\/pages"}],"about":[{"href":"https:\/\/www.marie-collard.be\/index.php\/wp-json\/wp\/v2\/types\/page"}],"author":[{"embeddable":true,"href":"https:\/\/www.marie-collard.be\/index.php\/wp-json\/wp\/v2\/users\/1"}],"replies":[{"embeddable":true,"href":"https:\/\/www.marie-collard.be\/index.php\/wp-json\/wp\/v2\/comments?post=24"}],"version-history":[{"count":3,"href":"https:\/\/www.marie-collard.be\/index.php\/wp-json\/wp\/v2\/pages\/24\/revisions"}],"predecessor-version":[{"id":27,"href":"https:\/\/www.marie-collard.be\/index.php\/wp-json\/wp\/v2\/pages\/24\/revisions\/27"}],"wp:attachment":[{"href":"https:\/\/www.marie-collard.be\/index.php\/wp-json\/wp\/v2\/media?parent=24"}],"curies":[{"name":"wp","href":"https:\/\/api.w.org\/{rel}","templated":true}]}}